{"id":830,"date":"2021-03-05T20:10:03","date_gmt":"2021-03-05T20:10:03","guid":{"rendered":"https:\/\/gamboaydengo.com\/home\/"},"modified":"2023-09-18T02:03:55","modified_gmt":"2023-09-18T02:03:55","slug":"home","status":"publish","type":"page","link":"https:\/\/gamboaydengo.com\/es\/","title":{"rendered":"INICIO"},"content":{"rendered":"<div data-elementor-type=\"wp-page\" data-elementor-id=\"830\" class=\"elementor elementor-830\" data-elementor-post-type=\"page\">\n\t\t\t\t\t\t<section class=\"elementor-section elementor-top-section elementor-element elementor-element-d7c80da elementor-section-boxed elementor-section-height-default elementor-section-height-default\" data-id=\"d7c80da\" data-element_type=\"section\" data-e-type=\"section\" data-settings=\"{&quot;background_background&quot;:&quot;classic&quot;}\">\n\t\t\t\t\t\t\t<div class=\"elementor-background-overlay\"><\/div>\n\t\t\t\t\t\t\t<div class=\"elementor-container elementor-column-gap-no\">\n\t\t\t\t\t<div class=\"elementor-column elementor-col-100 elementor-top-column elementor-element elementor-element-3cf6913\" data-id=\"3cf6913\" data-element_type=\"column\" data-e-type=\"column\">\n\t\t\t<div class=\"elementor-widget-wrap elementor-element-populated\">\n\t\t\t\t\t\t<div class=\"elementor-element elementor-element-e2797de elementor-widget elementor-widget-heading\" data-id=\"e2797de\" data-element_type=\"widget\" data-e-type=\"widget\" data-widget_type=\"heading.default\">\n\t\t\t\t<div class=\"elementor-widget-container\">\n\t\t\t\t\t<h6 class=\"elementor-heading-title elementor-size-default\">Agentes Internacionales de Marcas y Patentes<\/h6>\t\t\t\t<\/div>\n\t\t\t\t<\/div>\n\t\t\t\t<div class=\"elementor-element elementor-element-e5e7be3 elementor-widget elementor-widget-heading\" data-id=\"e5e7be3\" data-element_type=\"widget\" data-e-type=\"widget\" data-widget_type=\"heading.default\">\n\t\t\t\t<div class=\"elementor-widget-container\">\n\t\t\t\t\t<h2 class=\"elementor-heading-title elementor-size-default\">Estamos incorporados en la INTERNATIONAL TRADEMARK ASSOCIATION desde el a\u00f1o de 1988<\/h2>\t\t\t\t<\/div>\n\t\t\t\t<\/div>\n\t\t\t\t\t<\/div>\n\t\t<\/div>\n\t\t\t\t\t<\/div>\n\t\t<\/section>\n\t\t\t\t<section class=\"elementor-section elementor-top-section elementor-element elementor-element-a50b157 elementor-section-content-middle elementor-section-boxed elementor-section-height-default elementor-section-height-default\" data-id=\"a50b157\" data-element_type=\"section\" data-e-type=\"section\" data-settings=\"{&quot;background_background&quot;:&quot;classic&quot;}\">\n\t\t\t\t\t\t<div class=\"elementor-container elementor-column-gap-no\">\n\t\t\t\t\t<div class=\"elementor-column elementor-col-50 elementor-top-column elementor-element elementor-element-012fb0e\" data-id=\"012fb0e\" data-element_type=\"column\" data-e-type=\"column\">\n\t\t\t<div class=\"elementor-widget-wrap elementor-element-populated\">\n\t\t\t\t\t\t<div class=\"elementor-element elementor-element-ee8aa54 elementor-widget-divider--view-line elementor-widget elementor-widget-divider\" data-id=\"ee8aa54\" data-element_type=\"widget\" data-e-type=\"widget\" data-widget_type=\"divider.default\">\n\t\t\t\t<div class=\"elementor-widget-container\">\n\t\t\t\t\t\t\t<div class=\"elementor-divider\">\n\t\t\t<span class=\"elementor-divider-separator\">\n\t\t\t\t\t\t<\/span>\n\t\t<\/div>\n\t\t\t\t\t\t<\/div>\n\t\t\t\t<\/div>\n\t\t\t\t<div class=\"elementor-element elementor-element-9c2ebbd elementor-widget elementor-widget-heading\" data-id=\"9c2ebbd\" data-element_type=\"widget\" data-e-type=\"widget\" data-widget_type=\"heading.default\">\n\t\t\t\t<div class=\"elementor-widget-container\">\n\t\t\t\t\t<h2 class=\"elementor-heading-title elementor-size-default\">SOBRE NOSOTROS<\/h2>\t\t\t\t<\/div>\n\t\t\t\t<\/div>\n\t\t\t\t<div class=\"elementor-element elementor-element-5ef3420 elementor-widget elementor-widget-text-editor\" data-id=\"5ef3420\" data-element_type=\"widget\" data-e-type=\"widget\" data-widget_type=\"text-editor.default\">\n\t\t\t\t<div class=\"elementor-widget-container\">\n\t\t\t\t\t\t\t\t\t<p><strong>BUFETE GAMBOA &amp; DENGO<\/strong> es una firma de servicios legales,  establecida en 1985,  con la finalidad de brindar un servicio personalizado a sus clientes, teniendo en mente los principios de lealtad, rectitud, eficiencia y profesionalismo.<\/p><p>Constamos con amplia experiencia en los campos del Derecho Comercial y Propiedad Intelectual.<\/p><p>Nuestra visi\u00f3n es ser la firma de servicios legales amiga y consejera de nuestros clientes.<\/p>\t\t\t\t\t\t\t\t<\/div>\n\t\t\t\t<\/div>\n\t\t\t\t\t<\/div>\n\t\t<\/div>\n\t\t\t\t<div class=\"elementor-column elementor-col-50 elementor-top-column elementor-element elementor-element-2930391\" data-id=\"2930391\" data-element_type=\"column\" data-e-type=\"column\">\n\t\t\t<div class=\"elementor-widget-wrap elementor-element-populated\">\n\t\t\t\t\t\t<div class=\"elementor-element elementor-element-074913f elementor-widget elementor-widget-image\" data-id=\"074913f\" data-element_type=\"widget\" data-e-type=\"widget\" data-widget_type=\"image.default\">\n\t\t\t\t<div class=\"elementor-widget-container\">\n\t\t\t\t\t\t\t\t\t\t\t\t\t\t\t<img fetchpriority=\"high\" decoding=\"async\" width=\"200\" height=\"252\" src=\"https:\/\/i0.wp.com\/gamboaydengo.com\/wp-content\/uploads\/2023\/08\/indexphoto.jpg?fit=200%2C252&amp;ssl=1\" class=\"attachment-full size-full wp-image-978\" alt=\"\" \/>\t\t\t\t\t\t\t\t\t\t\t\t\t\t\t<\/div>\n\t\t\t\t<\/div>\n\t\t\t\t\t<\/div>\n\t\t<\/div>\n\t\t\t\t\t<\/div>\n\t\t<\/section>\n\t\t\t\t<section class=\"elementor-section elementor-top-section elementor-element elementor-element-11cd671 elementor-section-boxed elementor-section-height-default elementor-section-height-default\" data-id=\"11cd671\" data-element_type=\"section\" data-e-type=\"section\">\n\t\t\t\t\t\t<div class=\"elementor-container elementor-column-gap-default\">\n\t\t\t\t\t<div class=\"elementor-column elementor-col-100 elementor-top-column elementor-element elementor-element-19275de\" data-id=\"19275de\" data-element_type=\"column\" data-e-type=\"column\">\n\t\t\t<div class=\"elementor-widget-wrap elementor-element-populated\">\n\t\t\t\t\t\t<section class=\"elementor-section elementor-inner-section elementor-element elementor-element-4256334 elementor-section-boxed elementor-section-height-default elementor-section-height-default\" data-id=\"4256334\" data-element_type=\"section\" data-e-type=\"section\">\n\t\t\t\t\t\t<div class=\"elementor-container elementor-column-gap-default\">\n\t\t\t\t\t<div class=\"elementor-column elementor-col-100 elementor-inner-column elementor-element elementor-element-65b8994\" data-id=\"65b8994\" data-element_type=\"column\" data-e-type=\"column\">\n\t\t\t<div class=\"elementor-widget-wrap elementor-element-populated\">\n\t\t\t\t\t\t<div class=\"elementor-element elementor-element-8d80a7e elementor-widget elementor-widget-text-editor\" data-id=\"8d80a7e\" data-element_type=\"widget\" data-e-type=\"widget\" data-widget_type=\"text-editor.default\">\n\t\t\t\t<div class=\"elementor-widget-container\">\n\t\t\t\t\t\t\t\t\t<p align=\"justify\"><img decoding=\"async\" data-recalc-dims=\"1\" id=\"id-hatemile-display-3565906708489741-1\" class=\"alignleft wp-image-189\" title=\"\" src=\"https:\/\/i0.wp.com\/gamboaydengo.com\/wp-content\/uploads\/2021\/03\/about-us-1-1-bg.jpg?resize=300%2C200&#038;ssl=1\" alt=\"\" width=\"300\" height=\"200\" data-attributetitleof=\"id-hatemile-display-3565906708489741-1\" srcset=\"https:\/\/i0.wp.com\/gamboaydengo.com\/wp-content\/uploads\/2021\/03\/about-us-1-1-bg.jpg?w=1920&amp;ssl=1 1920w, https:\/\/i0.wp.com\/gamboaydengo.com\/wp-content\/uploads\/2021\/03\/about-us-1-1-bg.jpg?resize=300%2C200&amp;ssl=1 300w, https:\/\/i0.wp.com\/gamboaydengo.com\/wp-content\/uploads\/2021\/03\/about-us-1-1-bg.jpg?resize=1024%2C683&amp;ssl=1 1024w, https:\/\/i0.wp.com\/gamboaydengo.com\/wp-content\/uploads\/2021\/03\/about-us-1-1-bg.jpg?resize=768%2C512&amp;ssl=1 768w, https:\/\/i0.wp.com\/gamboaydengo.com\/wp-content\/uploads\/2021\/03\/about-us-1-1-bg.jpg?resize=1536%2C1025&amp;ssl=1 1536w\" sizes=\"(max-width: 300px) 100vw, 300px\" \/>En Costa Rica los registros de marcas, renovaciones, cesiones y otros tr\u00e1mites relaciones con  este tipo de actividad se regula por la Ley No. 7978 del 22 de diciembre de 1999.<\/p>\n<p align=\"justify\">Por su parte, los tr\u00e1mites de patentes de invenci\u00f3n, dibujos  y modelos industriales y modelos de utilidad  est\u00e1n regulados por la Ley No. 6867 de fecha 05 de Abril de 1983.<\/p>\n<p align=\"justify\">De igual forma, Costa Rica ha suscrito a los diferentes convenios internacionales  en marcas y patentes tales como el Convenio de Par\u00eds, Convenio de Berna, Convenci\u00f3n de Roma, Convenio de Lisboa, as\u00ed como ha adoptado y aplicado a la legislaci\u00f3n nacional  las regulaciones internacionales en materia de PCT  que regula el caso de las patentes.<\/p>\n<p align=\"justify\">Por igual, los integrantes de la firma han asistido a diferentes cursos de capacitaci\u00f3n internacional en materia de marcas y patentes, entre los que se destacan los impartidos por la firma norteamericana Birch, Stewart Kolasch &amp; Birch  as\u00ed como los celebrados por la INTA en el campo de la Propiedad Intelectual.<\/p>\n<p align=\"justify\">Nuestra firma realiza litigios en propiedad intelectual,  ya sea en el campo de similitudes de marcas, oposiciones,  competencia desleal, as\u00ed como acciones judiciales en caso de rechazos de registros marcas y patentes. Adem\u00e1s, los abogados de la empresa ejercen la profesi\u00f3n en todas acciones judiciales en  contra las legislaciones  dictadas o adoptadas por Costa Rica para marcas y patentes que sean contrarias a la Constituci\u00f3n de la Rep\u00fablica.<\/p>\n<p align=\"justify\">La labor de la firma no se limita a las simples aplicaciones de registros en los campos de marcas y patentes, sino que est\u00e1 capacitada para brindar las consultas y asesor\u00edas necesarias previas a las aplicaciones que se desean presentar; o bien, emitir criterios legales para casos de marcas y patentes que est\u00e9n en conocimiento de las autoridades administrativas y judiciales.<\/p>\n<p align=\"justify\">Gamboa &amp; Dengo ha desarrollado una serie de alianzas estrat\u00e9gicas con bufetes de la regi\u00f3n centroamericana, que le permite ampliar sus servicios para todo tipo de consultas y aplicaciones en materias de marcas, patentes (PCT).<\/p>\n\n\n\t\t\t\t\t\t\t\t<\/div>\n\t\t\t\t<\/div>\n\t\t\t\t\t<\/div>\n\t\t<\/div>\n\t\t\t\t\t<\/div>\n\t\t<\/section>\n\t\t\t\t\t<\/div>\n\t\t<\/div>\n\t\t\t\t\t<\/div>\n\t\t<\/section>\n\t\t\t\t<\/div>","protected":false},"excerpt":{"rendered":"<p>International Trademarks and Patents Agents We have been members of the INTERNATIONAL TRADEMARK ASSOCIATION since 1988. About Us GAMBOA &amp; DENGO LAW FIRM is a Law Firm established in 1985, with the main purpose of perform a personalized services to the clients, having in mind the principles of loyalty, honesty efficiency and professionalism. The Firm [&hellip;]<\/p>\n","protected":false},"author":1,"featured_media":0,"parent":0,"menu_order":0,"comment_status":"closed","ping_status":"closed","template":"","meta":{"nf_dc_page":"","om_disable_all_campaigns":false,"_uag_custom_page_level_css":"","site-sidebar-layout":"no-sidebar","site-content-layout":"page-builder","ast-site-content-layout":"default","site-content-style":"default","site-sidebar-style":"default","ast-global-header-display":"","ast-banner-title-visibility":"","ast-main-header-display":"","ast-hfb-above-header-display":"","ast-hfb-below-header-display":"","ast-hfb-mobile-header-display":"","site-post-title":"disabled","ast-breadcrumbs-content":"disabled","ast-featured-img":"disabled","footer-sml-layout":"","ast-disable-related-posts":"","theme-transparent-header-meta":"enabled","adv-header-id-meta":"","stick-header-meta":"","header-above-stick-meta":"","header-main-stick-meta":"","header-below-stick-meta":"","astra-migrate-meta-layouts":"default","ast-page-background-enabled":"default","ast-page-background-meta":{"desktop":{"background-color":"","background-image":"","background-repeat":"repeat","background-position":"center center","background-size":"auto","background-attachment":"scroll","background-type":"","background-media":"","overlay-type":"","overlay-color":"","overlay-opacity":"","overlay-gradient":""},"tablet":{"background-color":"","background-image":"","background-repeat":"repeat","background-position":"center center","background-size":"auto","background-attachment":"scroll","background-type":"","background-media":"","overlay-type":"","overlay-color":"","overlay-opacity":"","overlay-gradient":""},"mobile":{"background-color":"","background-image":"","background-repeat":"repeat","background-position":"center center","background-size":"auto","background-attachment":"scroll","background-type":"","background-media":"","overlay-type":"","overlay-color":"","overlay-opacity":"","overlay-gradient":""}},"ast-content-background-meta":{"desktop":{"background-color":"var(--ast-global-color-5)","background-image":"","background-repeat":"repeat","background-position":"center center","background-size":"auto","background-attachment":"scroll","background-type":"","background-media":"","overlay-type":"","overlay-color":"","overlay-opacity":"","overlay-gradient":""},"tablet":{"background-color":"var(--ast-global-color-5)","background-image":"","background-repeat":"repeat","background-position":"center center","background-size":"auto","background-attachment":"scroll","background-type":"","background-media":"","overlay-type":"","overlay-color":"","overlay-opacity":"","overlay-gradient":""},"mobile":{"background-color":"var(--ast-global-color-5)","background-image":"","background-repeat":"repeat","background-position":"center center","background-size":"auto","background-attachment":"scroll","background-type":"","background-media":"","overlay-type":"","overlay-color":"","overlay-opacity":"","overlay-gradient":""}},"footnotes":""},"class_list":["post-830","page","type-page","status-publish","hentry"],"uagb_featured_image_src":{"full":false,"thumbnail":false,"medium":false,"medium_large":false,"large":false,"1536x1536":false,"2048x2048":false,"trp-custom-language-flag":false},"uagb_author_info":{"display_name":"admin","author_link":"https:\/\/gamboaydengo.com\/es\/author\/admin\/"},"uagb_comment_info":0,"uagb_excerpt":"International Trademarks and Patents Agents We have been members of the INTERNATIONAL TRADEMARK ASSOCIATION since 1988. About Us GAMBOA &amp; DENGO LAW FIRM is a Law Firm established in 1985, with the main purpose of perform a personalized services to the clients, having in mind the principles of loyalty, honesty efficiency and professionalism. The Firm&hellip;","jetpack_sharing_enabled":true,"_links":{"self":[{"href":"https:\/\/gamboaydengo.com\/es\/wp-json\/wp\/v2\/pages\/830","targetHints":{"allow":["GET"]}}],"collection":[{"href":"https:\/\/gamboaydengo.com\/es\/wp-json\/wp\/v2\/pages"}],"about":[{"href":"https:\/\/gamboaydengo.com\/es\/wp-json\/wp\/v2\/types\/page"}],"author":[{"embeddable":true,"href":"https:\/\/gamboaydengo.com\/es\/wp-json\/wp\/v2\/users\/1"}],"replies":[{"embeddable":true,"href":"https:\/\/gamboaydengo.com\/es\/wp-json\/wp\/v2\/comments?post=830"}],"version-history":[{"count":5,"href":"https:\/\/gamboaydengo.com\/es\/wp-json\/wp\/v2\/pages\/830\/revisions"}],"predecessor-version":[{"id":1376,"href":"https:\/\/gamboaydengo.com\/es\/wp-json\/wp\/v2\/pages\/830\/revisions\/1376"}],"wp:attachment":[{"href":"https:\/\/gamboaydengo.com\/es\/wp-json\/wp\/v2\/media?parent=830"}],"curies":[{"name":"wp","href":"https:\/\/api.w.org\/{rel}","templated":true}]}}