{"id":831,"date":"2021-03-05T20:10:28","date_gmt":"2021-03-05T20:10:28","guid":{"rendered":"https:\/\/gamboaydengo.com\/about-us\/"},"modified":"2023-09-18T02:20:49","modified_gmt":"2023-09-18T02:20:49","slug":"about-us","status":"publish","type":"page","link":"https:\/\/gamboaydengo.com\/es\/about-us\/","title":{"rendered":"SOBRE NOSOTROS"},"content":{"rendered":"<div data-elementor-type=\"wp-page\" data-elementor-id=\"831\" class=\"elementor elementor-831\" data-elementor-post-type=\"page\">\n\t\t\t\t\t\t<section class=\"elementor-section elementor-top-section elementor-element elementor-element-6952cf8 elementor-section-height-min-height elementor-section-boxed elementor-section-height-default elementor-section-items-middle\" data-id=\"6952cf8\" data-element_type=\"section\" data-e-type=\"section\" data-settings=\"{&quot;background_background&quot;:&quot;classic&quot;}\">\n\t\t\t\t\t\t\t<div class=\"elementor-background-overlay\"><\/div>\n\t\t\t\t\t\t\t<div class=\"elementor-container elementor-column-gap-no\">\n\t\t\t\t\t<div class=\"elementor-column elementor-col-100 elementor-top-column elementor-element elementor-element-4c6db26\" data-id=\"4c6db26\" data-element_type=\"column\" data-e-type=\"column\">\n\t\t\t<div class=\"elementor-widget-wrap elementor-element-populated\">\n\t\t\t\t\t\t<div class=\"elementor-element elementor-element-628c3d6 elementor-widget-divider--view-line elementor-widget elementor-widget-divider\" data-id=\"628c3d6\" data-element_type=\"widget\" data-e-type=\"widget\" data-widget_type=\"divider.default\">\n\t\t\t\t<div class=\"elementor-widget-container\">\n\t\t\t\t\t\t\t<div class=\"elementor-divider\">\n\t\t\t<span class=\"elementor-divider-separator\">\n\t\t\t\t\t\t<\/span>\n\t\t<\/div>\n\t\t\t\t\t\t<\/div>\n\t\t\t\t<\/div>\n\t\t\t\t<div class=\"elementor-element elementor-element-558ce53 elementor-widget__width-initial elementor-widget elementor-widget-heading\" data-id=\"558ce53\" data-element_type=\"widget\" data-e-type=\"widget\" data-widget_type=\"heading.default\">\n\t\t\t\t<div class=\"elementor-widget-container\">\n\t\t\t\t\t<h1 class=\"elementor-heading-title elementor-size-default\">Perfil del equipo legal<\/h1>\t\t\t\t<\/div>\n\t\t\t\t<\/div>\n\t\t\t\t\t<\/div>\n\t\t<\/div>\n\t\t\t\t\t<\/div>\n\t\t<\/section>\n\t\t\t\t<section class=\"elementor-section elementor-top-section elementor-element elementor-element-afba4a5 elementor-section-boxed elementor-section-height-default elementor-section-height-default\" data-id=\"afba4a5\" data-element_type=\"section\" data-e-type=\"section\">\n\t\t\t\t\t\t<div class=\"elementor-container elementor-column-gap-default\">\n\t\t\t\t\t<div class=\"elementor-column elementor-col-100 elementor-top-column elementor-element elementor-element-be9f204\" data-id=\"be9f204\" data-element_type=\"column\" data-e-type=\"column\">\n\t\t\t<div class=\"elementor-widget-wrap elementor-element-populated\">\n\t\t\t\t\t\t<div class=\"elementor-element elementor-element-34e7b12 elementor-widget elementor-widget-heading\" data-id=\"34e7b12\" data-element_type=\"widget\" data-e-type=\"widget\" data-widget_type=\"heading.default\">\n\t\t\t\t<div class=\"elementor-widget-container\">\n\t\t\t\t\t<h2 class=\"elementor-heading-title elementor-size-default\">Alto Equipo Directivo<\/h2>\t\t\t\t<\/div>\n\t\t\t\t<\/div>\n\t\t\t\t\t<\/div>\n\t\t<\/div>\n\t\t\t\t\t<\/div>\n\t\t<\/section>\n\t\t\t\t<section class=\"elementor-section elementor-top-section elementor-element elementor-element-c79a29d elementor-section-content-top elementor-section-height-min-height elementor-section-items-top elementor-section-boxed elementor-section-height-default\" data-id=\"c79a29d\" data-element_type=\"section\" data-e-type=\"section\">\n\t\t\t\t\t\t<div class=\"elementor-container elementor-column-gap-no\">\n\t\t\t\t\t<div class=\"elementor-column elementor-col-50 elementor-top-column elementor-element elementor-element-ec4deda\" data-id=\"ec4deda\" data-element_type=\"column\" data-e-type=\"column\">\n\t\t\t<div class=\"elementor-widget-wrap elementor-element-populated\">\n\t\t\t\t\t\t<div class=\"elementor-element elementor-element-0dfbf84 elementor-widget-divider--view-line elementor-widget elementor-widget-divider\" data-id=\"0dfbf84\" data-element_type=\"widget\" data-e-type=\"widget\" data-widget_type=\"divider.default\">\n\t\t\t\t<div class=\"elementor-widget-container\">\n\t\t\t\t\t\t\t<div class=\"elementor-divider\">\n\t\t\t<span class=\"elementor-divider-separator\">\n\t\t\t\t\t\t<\/span>\n\t\t<\/div>\n\t\t\t\t\t\t<\/div>\n\t\t\t\t<\/div>\n\t\t\t\t<div class=\"elementor-element elementor-element-95907aa elementor-widget elementor-widget-image\" data-id=\"95907aa\" data-element_type=\"widget\" data-e-type=\"widget\" data-widget_type=\"image.default\">\n\t\t\t\t<div class=\"elementor-widget-container\">\n\t\t\t\t\t\t\t\t\t\t\t\t\t\t\t<img fetchpriority=\"high\" decoding=\"async\" width=\"225\" height=\"300\" src=\"https:\/\/i0.wp.com\/gamboaydengo.com\/wp-content\/uploads\/2023\/09\/FOTO-JAGV-MAYO-2020.webp?fit=225%2C300&amp;ssl=1\" class=\"attachment-medium size-medium wp-image-1235\" alt=\"\" srcset=\"https:\/\/i0.wp.com\/gamboaydengo.com\/wp-content\/uploads\/2023\/09\/FOTO-JAGV-MAYO-2020.webp?w=1439&amp;ssl=1 1439w, https:\/\/i0.wp.com\/gamboaydengo.com\/wp-content\/uploads\/2023\/09\/FOTO-JAGV-MAYO-2020.webp?resize=225%2C300&amp;ssl=1 225w, https:\/\/i0.wp.com\/gamboaydengo.com\/wp-content\/uploads\/2023\/09\/FOTO-JAGV-MAYO-2020.webp?resize=767%2C1024&amp;ssl=1 767w, https:\/\/i0.wp.com\/gamboaydengo.com\/wp-content\/uploads\/2023\/09\/FOTO-JAGV-MAYO-2020.webp?resize=768%2C1025&amp;ssl=1 768w, https:\/\/i0.wp.com\/gamboaydengo.com\/wp-content\/uploads\/2023\/09\/FOTO-JAGV-MAYO-2020.webp?resize=1151%2C1536&amp;ssl=1 1151w, https:\/\/i0.wp.com\/gamboaydengo.com\/wp-content\/uploads\/2023\/09\/FOTO-JAGV-MAYO-2020.webp?resize=9%2C12&amp;ssl=1 9w\" sizes=\"(max-width: 225px) 100vw, 225px\" \/>\t\t\t\t\t\t\t\t\t\t\t\t\t\t\t<\/div>\n\t\t\t\t<\/div>\n\t\t\t\t<div class=\"elementor-element elementor-element-533b0aa elementor-widget elementor-widget-heading\" data-id=\"533b0aa\" data-element_type=\"widget\" data-e-type=\"widget\" data-widget_type=\"heading.default\">\n\t\t\t\t<div class=\"elementor-widget-container\">\n\t\t\t\t\t<h3 class=\"elementor-heading-title elementor-size-default\">Jos\u00e9 Antonio Gamboa V\u00e1zquez, Socio<\/h3>\t\t\t\t<\/div>\n\t\t\t\t<\/div>\n\t\t\t\t<div class=\"elementor-element elementor-element-cd5bbaa elementor-widget elementor-widget-text-editor\" data-id=\"cd5bbaa\" data-element_type=\"widget\" data-e-type=\"widget\" data-widget_type=\"text-editor.default\">\n\t\t\t\t<div class=\"elementor-widget-container\">\n\t\t\t\t\t\t\t\t\t<p>Jos\u00e9 Antonio es  miembro fundador de la firma.  Con m\u00e1s de 40 a\u00f1os de experiencia en el campo legal, se ha desempe\u00f1ado como Curador Procesal en procesos judiciales de quiebra.   Asimismo, tiene amplia experiencia en el campo de la Propiedad Intelectual.<\/p>\t\t\t\t\t\t\t\t<\/div>\n\t\t\t\t<\/div>\n\t\t\t\t\t<\/div>\n\t\t<\/div>\n\t\t\t\t<div class=\"elementor-column elementor-col-50 elementor-top-column elementor-element elementor-element-c59473d\" data-id=\"c59473d\" data-element_type=\"column\" data-e-type=\"column\">\n\t\t\t<div class=\"elementor-widget-wrap elementor-element-populated\">\n\t\t\t\t\t\t<div class=\"elementor-element elementor-element-0b6fae7 elementor-widget-divider--view-line elementor-widget elementor-widget-divider\" data-id=\"0b6fae7\" data-element_type=\"widget\" data-e-type=\"widget\" data-widget_type=\"divider.default\">\n\t\t\t\t<div class=\"elementor-widget-container\">\n\t\t\t\t\t\t\t<div class=\"elementor-divider\">\n\t\t\t<span class=\"elementor-divider-separator\">\n\t\t\t\t\t\t<\/span>\n\t\t<\/div>\n\t\t\t\t\t\t<\/div>\n\t\t\t\t<\/div>\n\t\t\t\t<div class=\"elementor-element elementor-element-a115b4d elementor-widget__width-initial elementor-widget elementor-widget-image\" data-id=\"a115b4d\" data-element_type=\"widget\" data-e-type=\"widget\" data-widget_type=\"image.default\">\n\t\t\t\t<div class=\"elementor-widget-container\">\n\t\t\t\t\t\t\t\t\t\t\t\t\t\t\t<img decoding=\"async\" width=\"226\" height=\"226\" src=\"https:\/\/i0.wp.com\/gamboaydengo.com\/wp-content\/uploads\/2023\/09\/FOTO-ADS.webp?fit=226%2C226&amp;ssl=1\" class=\"attachment-medium size-medium wp-image-1239\" alt=\"\" srcset=\"https:\/\/i0.wp.com\/gamboaydengo.com\/wp-content\/uploads\/2023\/09\/FOTO-ADS.webp?w=226&amp;ssl=1 226w, https:\/\/i0.wp.com\/gamboaydengo.com\/wp-content\/uploads\/2023\/09\/FOTO-ADS.webp?resize=150%2C150&amp;ssl=1 150w, https:\/\/i0.wp.com\/gamboaydengo.com\/wp-content\/uploads\/2023\/09\/FOTO-ADS.webp?resize=12%2C12&amp;ssl=1 12w\" sizes=\"(max-width: 226px) 100vw, 226px\" \/>\t\t\t\t\t\t\t\t\t\t\t\t\t\t\t<\/div>\n\t\t\t\t<\/div>\n\t\t\t\t<div class=\"elementor-element elementor-element-37434bf elementor-widget elementor-widget-heading\" data-id=\"37434bf\" data-element_type=\"widget\" data-e-type=\"widget\" data-widget_type=\"heading.default\">\n\t\t\t\t<div class=\"elementor-widget-container\">\n\t\t\t\t\t<h3 class=\"elementor-heading-title elementor-size-default\">Alvaro Enrique Dengo Solera, Socio<\/h3>\t\t\t\t<\/div>\n\t\t\t\t<\/div>\n\t\t\t\t<div class=\"elementor-element elementor-element-a8cf93c elementor-widget elementor-widget-text-editor\" data-id=\"a8cf93c\" data-element_type=\"widget\" data-e-type=\"widget\" data-widget_type=\"text-editor.default\">\n\t\t\t\t<div class=\"elementor-widget-container\">\n\t\t\t\t\t\t\t\t\t<p>Alvaro is founder member of the Firm. He has more than 38 years of experience in Commercial, Civil, Labor Law and Intellectual Property matters.<\/p>\t\t\t\t\t\t\t\t<\/div>\n\t\t\t\t<\/div>\n\t\t\t\t\t<\/div>\n\t\t<\/div>\n\t\t\t\t\t<\/div>\n\t\t<\/section>\n\t\t\t\t<section class=\"elementor-section elementor-top-section elementor-element elementor-element-5b52e24 elementor-section-boxed elementor-section-height-default elementor-section-height-default\" data-id=\"5b52e24\" data-element_type=\"section\" data-e-type=\"section\">\n\t\t\t\t\t\t<div class=\"elementor-container elementor-column-gap-default\">\n\t\t\t\t\t<div class=\"elementor-column elementor-col-33 elementor-top-column elementor-element elementor-element-7ac4d3f\" data-id=\"7ac4d3f\" data-element_type=\"column\" data-e-type=\"column\">\n\t\t\t<div class=\"elementor-widget-wrap\">\n\t\t\t\t\t\t\t<\/div>\n\t\t<\/div>\n\t\t\t\t<div class=\"elementor-column elementor-col-33 elementor-top-column elementor-element elementor-element-1aba86d\" data-id=\"1aba86d\" data-element_type=\"column\" data-e-type=\"column\">\n\t\t\t<div class=\"elementor-widget-wrap elementor-element-populated\">\n\t\t\t\t\t\t<div class=\"elementor-element elementor-element-955cd6b elementor-widget-divider--view-line elementor-widget elementor-widget-divider\" data-id=\"955cd6b\" data-element_type=\"widget\" data-e-type=\"widget\" data-widget_type=\"divider.default\">\n\t\t\t\t<div class=\"elementor-widget-container\">\n\t\t\t\t\t\t\t<div class=\"elementor-divider\">\n\t\t\t<span class=\"elementor-divider-separator\">\n\t\t\t\t\t\t<\/span>\n\t\t<\/div>\n\t\t\t\t\t\t<\/div>\n\t\t\t\t<\/div>\n\t\t\t\t<div class=\"elementor-element elementor-element-deff4a0 elementor-widget__width-initial elementor-widget elementor-widget-image\" data-id=\"deff4a0\" data-element_type=\"widget\" data-e-type=\"widget\" data-widget_type=\"image.default\">\n\t\t\t\t<div class=\"elementor-widget-container\">\n\t\t\t\t\t\t\t\t\t\t\t\t\t\t\t<img decoding=\"async\" width=\"227\" height=\"300\" src=\"https:\/\/i0.wp.com\/gamboaydengo.com\/wp-content\/uploads\/2023\/09\/Foto-ENEYDA.webp?fit=227%2C300&amp;ssl=1\" class=\"attachment-medium size-medium wp-image-1245\" alt=\"\" srcset=\"https:\/\/i0.wp.com\/gamboaydengo.com\/wp-content\/uploads\/2023\/09\/Foto-ENEYDA.webp?w=1453&amp;ssl=1 1453w, https:\/\/i0.wp.com\/gamboaydengo.com\/wp-content\/uploads\/2023\/09\/Foto-ENEYDA.webp?resize=227%2C300&amp;ssl=1 227w, https:\/\/i0.wp.com\/gamboaydengo.com\/wp-content\/uploads\/2023\/09\/Foto-ENEYDA.webp?resize=775%2C1024&amp;ssl=1 775w, https:\/\/i0.wp.com\/gamboaydengo.com\/wp-content\/uploads\/2023\/09\/Foto-ENEYDA.webp?resize=768%2C1015&amp;ssl=1 768w, https:\/\/i0.wp.com\/gamboaydengo.com\/wp-content\/uploads\/2023\/09\/Foto-ENEYDA.webp?resize=1162%2C1536&amp;ssl=1 1162w, https:\/\/i0.wp.com\/gamboaydengo.com\/wp-content\/uploads\/2023\/09\/Foto-ENEYDA.webp?resize=9%2C12&amp;ssl=1 9w\" sizes=\"(max-width: 227px) 100vw, 227px\" \/>\t\t\t\t\t\t\t\t\t\t\t\t\t\t\t<\/div>\n\t\t\t\t<\/div>\n\t\t\t\t<div class=\"elementor-element elementor-element-ecc4fd1 elementor-widget elementor-widget-heading\" data-id=\"ecc4fd1\" data-element_type=\"widget\" data-e-type=\"widget\" data-widget_type=\"heading.default\">\n\t\t\t\t<div class=\"elementor-widget-container\">\n\t\t\t\t\t<h3 class=\"elementor-heading-title elementor-size-default\">Eneyda Avil\u00e9s G\u00e1mez, Directora<\/h3>\t\t\t\t<\/div>\n\t\t\t\t<\/div>\n\t\t\t\t<div class=\"elementor-element elementor-element-109ecee elementor-widget elementor-widget-text-editor\" data-id=\"109ecee\" data-element_type=\"widget\" data-e-type=\"widget\" data-widget_type=\"text-editor.default\">\n\t\t\t\t<div class=\"elementor-widget-container\">\n\t\t\t\t\t\t\t\t\t<p>Eneyda is in charge of the Intellectual Property Division of the Firm. She has more than 13 years of experience registering trademarks and patents.<\/p>\t\t\t\t\t\t\t\t<\/div>\n\t\t\t\t<\/div>\n\t\t\t\t\t<\/div>\n\t\t<\/div>\n\t\t\t\t<div class=\"elementor-column elementor-col-33 elementor-top-column elementor-element elementor-element-97312d1\" data-id=\"97312d1\" data-element_type=\"column\" data-e-type=\"column\">\n\t\t\t<div class=\"elementor-widget-wrap\">\n\t\t\t\t\t\t\t<\/div>\n\t\t<\/div>\n\t\t\t\t\t<\/div>\n\t\t<\/section>\n\t\t\t\t<section class=\"elementor-section elementor-top-section elementor-element elementor-element-b508407 elementor-section-boxed elementor-section-height-default elementor-section-height-default\" data-id=\"b508407\" data-element_type=\"section\" data-e-type=\"section\" data-settings=\"{&quot;background_background&quot;:&quot;classic&quot;}\">\n\t\t\t\t\t\t<div class=\"elementor-container elementor-column-gap-no\">\n\t\t\t\t\t<div class=\"elementor-column elementor-col-100 elementor-top-column elementor-element elementor-element-e9d8ad1\" data-id=\"e9d8ad1\" data-element_type=\"column\" data-e-type=\"column\">\n\t\t\t<div class=\"elementor-widget-wrap elementor-element-populated\">\n\t\t\t\t\t\t<div class=\"elementor-element elementor-element-4a6719c elementor-widget-mobile__width-initial elementor-widget elementor-widget-text-editor\" data-id=\"4a6719c\" data-element_type=\"widget\" data-e-type=\"widget\" data-widget_type=\"text-editor.default\">\n\t\t\t\t<div class=\"elementor-widget-container\">\n\t\t\t\t\t\t\t\t\t<p align=\"justify\"><span style=\"color: #000000;\">Todos los asociados son \u00a0<i><b>de la Facultad de Derecho de la Universidad de Costa Rica<\/b><\/i>, debidamente registrados en el Colegio de Abogados de Costa Rica y en el Sindicato Costarricense de Abogados.<\/span><\/p>\n<p align=\"justify\"><span style=\"color: #000000;\">Todos los abogados de nuestras oficinas tambi\u00e9n tienen experiencia en acciones de cobro y acciones contractuales.<\/span><\/p>\n\t\t\t\t\t\t\t\t<\/div>\n\t\t\t\t<\/div>\n\t\t\t\t<div class=\"elementor-element elementor-element-6ba5a92 elementor-widget-divider--view-line elementor-widget elementor-widget-divider\" data-id=\"6ba5a92\" data-element_type=\"widget\" data-e-type=\"widget\" data-widget_type=\"divider.default\">\n\t\t\t\t<div class=\"elementor-widget-container\">\n\t\t\t\t\t\t\t<div class=\"elementor-divider\">\n\t\t\t<span class=\"elementor-divider-separator\">\n\t\t\t\t\t\t<\/span>\n\t\t<\/div>\n\t\t\t\t\t\t<\/div>\n\t\t\t\t<\/div>\n\t\t\t\t<div class=\"elementor-element elementor-element-a47fad5 elementor-widget elementor-widget-heading\" data-id=\"a47fad5\" data-element_type=\"widget\" data-e-type=\"widget\" data-widget_type=\"heading.default\">\n\t\t\t\t<div class=\"elementor-widget-container\">\n\t\t\t\t\t<h3 class=\"elementor-heading-title elementor-size-default\"> Campo de trabajo<\/h3>\t\t\t\t<\/div>\n\t\t\t\t<\/div>\n\t\t\t\t<div class=\"elementor-element elementor-element-4fc927e elementor-widget elementor-widget-text-editor\" data-id=\"4fc927e\" data-element_type=\"widget\" data-e-type=\"widget\" data-widget_type=\"text-editor.default\">\n\t\t\t\t<div class=\"elementor-widget-container\">\n\t\t\t\t\t\t\t\t\t<ul><li>Nuestro Firma  cuenta con una divisi\u00f3n especializada y dedicada a: registro, renovaci\u00f3n y otros tr\u00e1mites relacionados con marcas, marcas de servicio y nombres comerciales, as\u00ed como dise\u00f1os y logotipos; tambi\u00e9n en patentes, derechos de autor y cualquier otra materia en propiedad intelectual.<\/li><\/ul><ul><li>Infracci\u00f3n de Marcas, Falsa Denominaci\u00f3n de Origen, Diluci\u00f3n y Competencia Desleal y Casos de Enga\u00f1o.<\/li><\/ul><ul><li>Nuestra Firma esta integrada por Abogados y Notarios P\u00fablicos, dedicados a: Asesoramiento Jur\u00eddico General, actuaci\u00f3n y contestaci\u00f3n en juicios ante diferentes despachos judiciales, arbitrajes, transacciones, todo esto en el campo Civil, Comercial, Laboral, Propiedad Intelectual, Administrativo y Aeron\u00e1utico. Ley; y sus respectivas ramas, contrataci\u00f3n en general, mediante documentos p\u00fablicos y privados, asesoramiento contractual en inversiones financieras, bancarias, agropecuarias e industriales. Asesor\u00eda en concursos y toda otra clase de contrataci\u00f3n administrativa con instituciones del Estado. Inversiones en Bienes Ra\u00edces y Turismo.<\/li><\/ul>\t\t\t\t\t\t\t\t<\/div>\n\t\t\t\t<\/div>\n\t\t\t\t\t<\/div>\n\t\t<\/div>\n\t\t\t\t\t<\/div>\n\t\t<\/section>\n\t\t\t\t<\/div>","protected":false},"excerpt":{"rendered":"<p>Profile our lawyer SENIOR EXECUTIVES Jos\u00e9 Antonio Gamboa V\u00e1zquez, Partner Lawyer and Notary Public, Counselor in civil, commercial and aeronautic and administrative law and Bankruptey Manager designated by the Supreme Court of Justice. 32 years of professional experience. Alvaro Enrique Dengo Solera, Partner Alvaro is founder member of the Firm. He has more than 38 [&hellip;]<\/p>\n","protected":false},"author":1,"featured_media":0,"parent":0,"menu_order":0,"comment_status":"closed","ping_status":"closed","template":"","meta":{"nf_dc_page":"","om_disable_all_campaigns":false,"_uag_custom_page_level_css":"","site-sidebar-layout":"no-sidebar","site-content-layout":"page-builder","ast-site-content-layout":"default","site-content-style":"default","site-sidebar-style":"default","ast-global-header-display":"","ast-banner-title-visibility":"","ast-main-header-display":"","ast-hfb-above-header-display":"","ast-hfb-below-header-display":"","ast-hfb-mobile-header-display":"","site-post-title":"disabled","ast-breadcrumbs-content":"disabled","ast-featured-img":"disabled","footer-sml-layout":"","ast-disable-related-posts":"","theme-transparent-header-meta":"enabled","adv-header-id-meta":"","stick-header-meta":"","header-above-stick-meta":"","header-main-stick-meta":"","header-below-stick-meta":"","astra-migrate-meta-layouts":"default","ast-page-background-enabled":"default","ast-page-background-meta":{"desktop":{"background-color":"","background-image":"","background-repeat":"repeat","background-position":"center center","background-size":"auto","background-attachment":"scroll","background-type":"","background-media":"","overlay-type":"","overlay-color":"","overlay-opacity":"","overlay-gradient":""},"tablet":{"background-color":"","background-image":"","background-repeat":"repeat","background-position":"center center","background-size":"auto","background-attachment":"scroll","background-type":"","background-media":"","overlay-type":"","overlay-color":"","overlay-opacity":"","overlay-gradient":""},"mobile":{"background-color":"","background-image":"","background-repeat":"repeat","background-position":"center center","background-size":"auto","background-attachment":"scroll","background-type":"","background-media":"","overlay-type":"","overlay-color":"","overlay-opacity":"","overlay-gradient":""}},"ast-content-background-meta":{"desktop":{"background-color":"var(--ast-global-color-5)","background-image":"","background-repeat":"repeat","background-position":"center center","background-size":"auto","background-attachment":"scroll","background-type":"","background-media":"","overlay-type":"","overlay-color":"","overlay-opacity":"","overlay-gradient":""},"tablet":{"background-color":"var(--ast-global-color-5)","background-image":"","background-repeat":"repeat","background-position":"center center","background-size":"auto","background-attachment":"scroll","background-type":"","background-media":"","overlay-type":"","overlay-color":"","overlay-opacity":"","overlay-gradient":""},"mobile":{"background-color":"var(--ast-global-color-5)","background-image":"","background-repeat":"repeat","background-position":"center center","background-size":"auto","background-attachment":"scroll","background-type":"","background-media":"","overlay-type":"","overlay-color":"","overlay-opacity":"","overlay-gradient":""}},"footnotes":""},"class_list":["post-831","page","type-page","status-publish","hentry"],"uagb_featured_image_src":{"full":false,"thumbnail":false,"medium":false,"medium_large":false,"large":false,"1536x1536":false,"2048x2048":false,"trp-custom-language-flag":false},"uagb_author_info":{"display_name":"admin","author_link":"https:\/\/gamboaydengo.com\/es\/author\/admin\/"},"uagb_comment_info":0,"uagb_excerpt":"Profile our lawyer SENIOR EXECUTIVES Jos\u00e9 Antonio Gamboa V\u00e1zquez, Partner Lawyer and Notary Public, Counselor in civil, commercial and aeronautic and administrative law and Bankruptey Manager designated by the Supreme Court of Justice. 32 years of professional experience. Alvaro Enrique Dengo Solera, Partner Alvaro is founder member of the Firm. He has more than 38&hellip;","jetpack_sharing_enabled":true,"_links":{"self":[{"href":"https:\/\/gamboaydengo.com\/es\/wp-json\/wp\/v2\/pages\/831","targetHints":{"allow":["GET"]}}],"collection":[{"href":"https:\/\/gamboaydengo.com\/es\/wp-json\/wp\/v2\/pages"}],"about":[{"href":"https:\/\/gamboaydengo.com\/es\/wp-json\/wp\/v2\/types\/page"}],"author":[{"embeddable":true,"href":"https:\/\/gamboaydengo.com\/es\/wp-json\/wp\/v2\/users\/1"}],"replies":[{"embeddable":true,"href":"https:\/\/gamboaydengo.com\/es\/wp-json\/wp\/v2\/comments?post=831"}],"version-history":[{"count":5,"href":"https:\/\/gamboaydengo.com\/es\/wp-json\/wp\/v2\/pages\/831\/revisions"}],"predecessor-version":[{"id":1421,"href":"https:\/\/gamboaydengo.com\/es\/wp-json\/wp\/v2\/pages\/831\/revisions\/1421"}],"wp:attachment":[{"href":"https:\/\/gamboaydengo.com\/es\/wp-json\/wp\/v2\/media?parent=831"}],"curies":[{"name":"wp","href":"https:\/\/api.w.org\/{rel}","templated":true}]}}