{"id":832,"date":"2021-03-05T20:10:52","date_gmt":"2021-03-05T20:10:52","guid":{"rendered":"https:\/\/gamboaydengo.com\/practice-areas\/"},"modified":"2023-09-18T02:15:33","modified_gmt":"2023-09-18T02:15:33","slug":"practice-areas","status":"publish","type":"page","link":"https:\/\/gamboaydengo.com\/es\/practice-areas\/","title":{"rendered":"AREAS DE PRACTICA"},"content":{"rendered":"<div data-elementor-type=\"wp-page\" data-elementor-id=\"832\" class=\"elementor elementor-832\" data-elementor-post-type=\"page\">\n\t\t\t\t\t\t<section class=\"elementor-section elementor-top-section elementor-element elementor-element-6d9a90b elementor-section-height-min-height elementor-section-boxed elementor-section-height-default elementor-section-items-middle\" data-id=\"6d9a90b\" data-element_type=\"section\" data-e-type=\"section\" data-settings=\"{&quot;background_background&quot;:&quot;classic&quot;}\">\n\t\t\t\t\t\t\t<div class=\"elementor-background-overlay\"><\/div>\n\t\t\t\t\t\t\t<div class=\"elementor-container elementor-column-gap-no\">\n\t\t\t\t\t<div class=\"elementor-column elementor-col-100 elementor-top-column elementor-element elementor-element-2eebc89\" data-id=\"2eebc89\" data-element_type=\"column\" data-e-type=\"column\">\n\t\t\t<div class=\"elementor-widget-wrap elementor-element-populated\">\n\t\t\t\t\t\t<div class=\"elementor-element elementor-element-983859b elementor-widget-divider--view-line elementor-widget elementor-widget-divider\" data-id=\"983859b\" data-element_type=\"widget\" data-e-type=\"widget\" data-widget_type=\"divider.default\">\n\t\t\t\t<div class=\"elementor-widget-container\">\n\t\t\t\t\t\t\t<div class=\"elementor-divider\">\n\t\t\t<span class=\"elementor-divider-separator\">\n\t\t\t\t\t\t<\/span>\n\t\t<\/div>\n\t\t\t\t\t\t<\/div>\n\t\t\t\t<\/div>\n\t\t\t\t<div class=\"elementor-element elementor-element-ea74c4b elementor-widget elementor-widget-heading\" data-id=\"ea74c4b\" data-element_type=\"widget\" data-e-type=\"widget\" data-widget_type=\"heading.default\">\n\t\t\t\t<div class=\"elementor-widget-container\">\n\t\t\t\t\t<h1 class=\"elementor-heading-title elementor-size-default\">Campo de trabajo<\/h1>\t\t\t\t<\/div>\n\t\t\t\t<\/div>\n\t\t\t\t\t<\/div>\n\t\t<\/div>\n\t\t\t\t\t<\/div>\n\t\t<\/section>\n\t\t\t\t<section class=\"elementor-section elementor-top-section elementor-element elementor-element-89f1726 elementor-section-boxed elementor-section-height-default elementor-section-height-default\" data-id=\"89f1726\" data-element_type=\"section\" data-e-type=\"section\" data-settings=\"{&quot;background_background&quot;:&quot;gradient&quot;}\">\n\t\t\t\t\t\t<div class=\"elementor-container elementor-column-gap-default\">\n\t\t\t\t\t<div class=\"elementor-column elementor-col-100 elementor-top-column elementor-element elementor-element-837a607\" data-id=\"837a607\" data-element_type=\"column\" data-e-type=\"column\">\n\t\t\t<div class=\"elementor-widget-wrap elementor-element-populated\">\n\t\t\t\t\t\t<div class=\"elementor-element elementor-element-2125245 elementor-widget-divider--view-line elementor-widget elementor-widget-divider\" data-id=\"2125245\" data-element_type=\"widget\" data-e-type=\"widget\" data-widget_type=\"divider.default\">\n\t\t\t\t<div class=\"elementor-widget-container\">\n\t\t\t\t\t\t\t<div class=\"elementor-divider\">\n\t\t\t<span class=\"elementor-divider-separator\">\n\t\t\t\t\t\t<\/span>\n\t\t<\/div>\n\t\t\t\t\t\t<\/div>\n\t\t\t\t<\/div>\n\t\t\t\t<div class=\"elementor-element elementor-element-a6727de elementor-widget elementor-widget-heading\" data-id=\"a6727de\" data-element_type=\"widget\" data-e-type=\"widget\" data-widget_type=\"heading.default\">\n\t\t\t\t<div class=\"elementor-widget-container\">\n\t\t\t\t\t<h2 class=\"elementor-heading-title elementor-size-default\">Nosotras practicamos en el siguiente \u00e1rea legal<\/h2>\t\t\t\t<\/div>\n\t\t\t\t<\/div>\n\t\t\t\t<div class=\"elementor-element elementor-element-6d85de7 elementor-widget elementor-widget-heading\" data-id=\"6d85de7\" data-element_type=\"widget\" data-e-type=\"widget\" data-widget_type=\"heading.default\">\n\t\t\t\t<div class=\"elementor-widget-container\">\n\t\t\t\t\t<h4 class=\"elementor-heading-title elementor-size-default\">Nuestra Oficina Legal cuenta con una divisi\u00f3n especializada dedicada a:  <\/h4>\t\t\t\t<\/div>\n\t\t\t\t<\/div>\n\t\t\t\t<div class=\"elementor-element elementor-element-72645cc elementor-widget elementor-widget-text-editor\" data-id=\"72645cc\" data-element_type=\"widget\" data-e-type=\"widget\" data-widget_type=\"text-editor.default\">\n\t\t\t\t<div class=\"elementor-widget-container\">\n\t\t\t\t\t\t\t\t\t<p align=\"justify\"><img decoding=\"async\" data-recalc-dims=\"1\" id=\"id-hatemile-display-7205386017790851-1\" title=\"green02_next_1.gif\" src=\"https:\/\/i0.wp.com\/web.archive.org\/web\/20160331083837im_\/http%3A\/\/gamboaydengo.com\/images\/green02_next_1.gif?resize=11%2C11&#038;ssl=1\" alt=\"green02_next_1.gif\" width=\"11\" height=\"11\" border=\"0\" data-attributetitleof=\"id-hatemile-display-7205386017790851-1\" \/>Registro.<\/p>\n<p align=\"justify\"><img decoding=\"async\" data-recalc-dims=\"1\" id=\"id-hatemile-display-7205386017790851-2\" title=\"green02_next_1.gif\" src=\"https:\/\/i0.wp.com\/web.archive.org\/web\/20160331083837im_\/http%3A\/\/gamboaydengo.com\/images\/green02_next_1.gif?resize=11%2C11&#038;ssl=1\" alt=\"green02_next_1.gif\" width=\"11\" height=\"11\" border=\"0\" data-attributetitleof=\"id-hatemile-display-7205386017790851-2\" \/>Renovaci\u00f3n y otros tr\u00e1mites relacionados con marcas, marcas de servicio y nombres comerciales, as\u00ed como dise\u00f1os y logotipos; tambi\u00e9n en patentes, derechos de autor y cualquier otra materia en propiedad intelectual.<\/p>\n<p align=\"justify\"><img decoding=\"async\" data-recalc-dims=\"1\" id=\"id-hatemile-display-7205386017790851-3\" title=\"green02_next_1.gif\" src=\"https:\/\/i0.wp.com\/web.archive.org\/web\/20160331083837im_\/http%3A\/\/gamboaydengo.com\/images\/green02_next_1.gif?resize=11%2C11&#038;ssl=1\" alt=\"green02_next_1.gif\" width=\"11\" height=\"11\" border=\"0\" data-attributetitleof=\"id-hatemile-display-7205386017790851-3\" \/>Infracci\u00f3n de marca registrada.<\/p>\n<p align=\"justify\"><img loading=\"lazy\" decoding=\"async\" data-recalc-dims=\"1\" id=\"id-hatemile-display-7205386017790851-4\" title=\"green02_next_1.gif\" src=\"https:\/\/i0.wp.com\/web.archive.org\/web\/20160331083837im_\/http%3A\/\/gamboaydengo.com\/images\/green02_next_1.gif?resize=11%2C11&#038;ssl=1\" alt=\"green02_next_1.gif\" width=\"11\" height=\"11\" border=\"0\" data-attributetitleof=\"id-hatemile-display-7205386017790851-4\" \/>Falsa Denominaci\u00f3n de Origen.<\/p>\t\t\t\t\t\t\t\t<\/div>\n\t\t\t\t<\/div>\n\t\t\t\t\t<\/div>\n\t\t<\/div>\n\t\t\t\t\t<\/div>\n\t\t<\/section>\n\t\t\t\t<section class=\"elementor-section elementor-top-section elementor-element elementor-element-9a92740 elementor-section-boxed elementor-section-height-default elementor-section-height-default\" data-id=\"9a92740\" data-element_type=\"section\" data-e-type=\"section\" data-settings=\"{&quot;background_background&quot;:&quot;classic&quot;}\">\n\t\t\t\t\t\t<div class=\"elementor-container elementor-column-gap-no\">\n\t\t\t\t\t<div class=\"elementor-column elementor-col-100 elementor-top-column elementor-element elementor-element-7d6afba\" data-id=\"7d6afba\" data-element_type=\"column\" data-e-type=\"column\">\n\t\t\t<div class=\"elementor-widget-wrap elementor-element-populated\">\n\t\t\t\t\t\t<div class=\"elementor-element elementor-element-586b34e elementor-widget elementor-widget-heading\" data-id=\"586b34e\" data-element_type=\"widget\" data-e-type=\"widget\" data-widget_type=\"heading.default\">\n\t\t\t\t<div class=\"elementor-widget-container\">\n\t\t\t\t\t<h4 class=\"elementor-heading-title elementor-size-default\">Nuestra Firma esta integrada por Abogados y Notarios P\u00fablicos, dedicados a: <\/h4>\t\t\t\t<\/div>\n\t\t\t\t<\/div>\n\t\t\t\t<div class=\"elementor-element elementor-element-434e0c3 elementor-widget elementor-widget-text-editor\" data-id=\"434e0c3\" data-element_type=\"widget\" data-e-type=\"widget\" data-widget_type=\"text-editor.default\">\n\t\t\t\t<div class=\"elementor-widget-container\">\n\t\t\t\t\t\t\t\t\t<p align=\"justify\"><img loading=\"lazy\" decoding=\"async\" data-recalc-dims=\"1\" id=\"id-hatemile-display-5964992711190355-1\" title=\"green02_next_1.gif\" src=\"https:\/\/i0.wp.com\/web.archive.org\/web\/20160331083837im_\/http%3A\/\/gamboaydengo.com\/images\/green02_next_1.gif?resize=11%2C11&#038;ssl=1\" alt=\"green02_next_1.gif\" width=\"11\" height=\"11\" border=\"0\" data-attributetitleof=\"id-hatemile-display-5964992711190355-1\" \/>Asesor Jur\u00eddico General.<\/p><p align=\"justify\"><img loading=\"lazy\" decoding=\"async\" data-recalc-dims=\"1\" id=\"id-hatemile-display-5964992711190355-2\" title=\"green02_next_1.gif\" src=\"https:\/\/i0.wp.com\/web.archive.org\/web\/20160331083837im_\/http%3A\/\/gamboaydengo.com\/images\/green02_next_1.gif?resize=11%2C11&#038;ssl=1\" alt=\"green02_next_1.gif\" width=\"11\" height=\"11\" border=\"0\" data-attributetitleof=\"id-hatemile-display-5964992711190355-2\" \/>Actuaci\u00f3n y contestaciones en juicios ante diferentes dependencias judiciales.<\/p><p align=\"justify\"><img loading=\"lazy\" decoding=\"async\" data-recalc-dims=\"1\" id=\"id-hatemile-display-5964992711190355-3\" title=\"green02_next_1.gif\" src=\"https:\/\/i0.wp.com\/web.archive.org\/web\/20160331083837im_\/http%3A\/\/gamboaydengo.com\/images\/green02_next_1.gif?resize=11%2C11&#038;ssl=1\" alt=\"green02_next_1.gif\" width=\"11\" height=\"11\" border=\"0\" data-attributetitleof=\"id-hatemile-display-5964992711190355-3\" \/>Arbitrajes.<\/p><p align=\"justify\"><img loading=\"lazy\" decoding=\"async\" data-recalc-dims=\"1\" id=\"id-hatemile-display-5964992711190355-4\" title=\"green02_next_1.gif\" src=\"https:\/\/i0.wp.com\/web.archive.org\/web\/20160331083837im_\/http%3A\/\/gamboaydengo.com\/images\/green02_next_1.gif?resize=11%2C11&#038;ssl=1\" alt=\"green02_next_1.gif\" width=\"11\" height=\"11\" border=\"0\" data-attributetitleof=\"id-hatemile-display-5964992711190355-4\" \/>Transacciones, todo esto en el \u00e1mbito de la Propiedad Civil, Comercial, Laboral, Intelectual.<\/p><p align=\"justify\"><img loading=\"lazy\" decoding=\"async\" data-recalc-dims=\"1\" id=\"id-hatemile-display-5964992711190355-5\" title=\"green02_next_1.gif\" src=\"https:\/\/i0.wp.com\/web.archive.org\/web\/20160331083837im_\/http%3A\/\/gamboaydengo.com\/images\/green02_next_1.gif?resize=11%2C11&#038;ssl=1\" alt=\"green02_next_1.gif\" width=\"11\" height=\"11\" border=\"0\" data-attributetitleof=\"id-hatemile-display-5964992711190355-5\" \/>Derecho Administrativo y Aeron\u00e1utico y sus respectivas ramas.<\/p><p align=\"justify\"><img loading=\"lazy\" decoding=\"async\" data-recalc-dims=\"1\" id=\"id-hatemile-display-5964992711190355-6\" title=\"green02_next_1.gif\" src=\"https:\/\/i0.wp.com\/web.archive.org\/web\/20160331083837im_\/http%3A\/\/gamboaydengo.com\/images\/green02_next_1.gif?resize=11%2C11&#038;ssl=1\" alt=\"green02_next_1.gif\" width=\"11\" height=\"11\" border=\"0\" data-attributetitleof=\"id-hatemile-display-5964992711190355-6\" \/>Impugnaci\u00f3n en general, mediante documentos p\u00fablicos y privados, asesoramiento contractual en inversiones financieras, bancarias, agropecuarias e industriales.<\/p><p align=\"justify\"><img loading=\"lazy\" decoding=\"async\" data-recalc-dims=\"1\" id=\"id-hatemile-display-5964992711190355-7\" title=\"green02_next_1.gif\" src=\"https:\/\/i0.wp.com\/web.archive.org\/web\/20160331083837im_\/http%3A\/\/gamboaydengo.com\/images\/green02_next_1.gif?resize=11%2C11&#038;ssl=1\" alt=\"green02_next_1.gif\" width=\"11\" height=\"11\" border=\"0\" data-attributetitleof=\"id-hatemile-display-5964992711190355-7\" \/>Asesor\u00eda en concursos y toda otra clase de contrataci\u00f3n administrativa con instituciones del Estado.<\/p><p align=\"justify\"><img loading=\"lazy\" decoding=\"async\" data-recalc-dims=\"1\" id=\"id-hatemile-display-5964992711190355-8\" title=\"green02_next_1.gif\" src=\"https:\/\/i0.wp.com\/web.archive.org\/web\/20160331083837im_\/http%3A\/\/gamboaydengo.com\/images\/green02_next_1.gif?resize=11%2C11&#038;ssl=1\" alt=\"green02_next_1.gif\" width=\"11\" height=\"11\" border=\"0\" data-attributetitleof=\"id-hatemile-display-5964992711190355-8\" \/>Inversi\u00f3n en Bienes Ra\u00edces y Turismo.<\/p>\t\t\t\t\t\t\t\t<\/div>\n\t\t\t\t<\/div>\n\t\t\t\t\t<\/div>\n\t\t<\/div>\n\t\t\t\t\t<\/div>\n\t\t<\/section>\n\t\t\t\t<section class=\"elementor-section elementor-top-section elementor-element elementor-element-f824df1 elementor-section-boxed elementor-section-height-default elementor-section-height-default\" data-id=\"f824df1\" data-element_type=\"section\" data-e-type=\"section\" data-settings=\"{&quot;background_background&quot;:&quot;classic&quot;}\">\n\t\t\t\t\t\t<div class=\"elementor-container elementor-column-gap-default\">\n\t\t\t\t\t<div class=\"elementor-column elementor-col-100 elementor-top-column elementor-element elementor-element-938117b\" data-id=\"938117b\" data-element_type=\"column\" data-e-type=\"column\">\n\t\t\t<div class=\"elementor-widget-wrap elementor-element-populated\">\n\t\t\t\t\t\t<div class=\"elementor-element elementor-element-24b90f2 elementor-widget elementor-widget-heading\" data-id=\"24b90f2\" data-element_type=\"widget\" data-e-type=\"widget\" data-widget_type=\"heading.default\">\n\t\t\t\t<div class=\"elementor-widget-container\">\n\t\t\t\t\t<h4 class=\"elementor-heading-title elementor-size-default\">Servicios de notariado p\u00fablico:<\/h4>\t\t\t\t<\/div>\n\t\t\t\t<\/div>\n\t\t\t\t<div class=\"elementor-element elementor-element-8721bec elementor-widget elementor-widget-text-editor\" data-id=\"8721bec\" data-element_type=\"widget\" data-e-type=\"widget\" data-widget_type=\"text-editor.default\">\n\t\t\t\t<div class=\"elementor-widget-container\">\n\t\t\t\t\t\t\t\t\t<p align=\"justify\"><img loading=\"lazy\" decoding=\"async\" data-recalc-dims=\"1\" src=\"https:\/\/i0.wp.com\/web.archive.org\/web\/20160331083837im_\/http%3A\/\/gamboaydengo.com\/images\/green02_next_1.gif?resize=11%2C11&#038;ssl=1\" alt=\"green02_next_1.gif\" width=\"11\" height=\"11\" border=\"0\" \/>Diluci\u00f3n y Competencia Desleal y Casos Enga\u00f1osos.<\/p><p align=\"justify\"><img loading=\"lazy\" decoding=\"async\" data-recalc-dims=\"1\" src=\"https:\/\/i0.wp.com\/web.archive.org\/web\/20160331083837im_\/http%3A\/\/gamboaydengo.com\/images\/green02_next_1.gif?resize=11%2C11&#038;ssl=1\" alt=\"green02_next_1.gif\" width=\"11\" height=\"11\" border=\"0\" \/>Impugnaci\u00f3n en general de documentos p\u00fablicos y privados; reconocimientos y constancias de escrituras de enajenaci\u00f3n, de terrenos, inquilinatos y heredades, que se registren en Costa Rica.<\/p><p align=\"justify\"><img loading=\"lazy\" decoding=\"async\" data-recalc-dims=\"1\" src=\"https:\/\/i0.wp.com\/web.archive.org\/web\/20160331083837im_\/http%3A\/\/gamboaydengo.com\/images\/green02_next_1.gif?resize=11%2C11&#038;ssl=1\" alt=\"green02_next_1.gif\" width=\"11\" height=\"11\" border=\"0\" \/>Servicios de autenticaci\u00f3n y Procedimientos de Servicio.<\/p>\t\t\t\t\t\t\t\t<\/div>\n\t\t\t\t<\/div>\n\t\t\t\t\t<\/div>\n\t\t<\/div>\n\t\t\t\t\t<\/div>\n\t\t<\/section>\n\t\t\t\t<\/div>","protected":false},"excerpt":{"rendered":"<p>Work Field We practice in following legal area Our Law Office has a specialized division dedicated to: Registration. Renewal and other procedure connected to trademarks, service mark and trade name, as well as designs and logos; also in patents, copyrights and any other matter in intellectual property. Trademark Infrigement. False Designation of Origen. Professional Law [&hellip;]<\/p>\n","protected":false},"author":1,"featured_media":0,"parent":0,"menu_order":0,"comment_status":"closed","ping_status":"closed","template":"","meta":{"nf_dc_page":"","om_disable_all_campaigns":false,"_uag_custom_page_level_css":"","site-sidebar-layout":"default","site-content-layout":"page-builder","ast-site-content-layout":"default","site-content-style":"default","site-sidebar-style":"default","ast-global-header-display":"","ast-banner-title-visibility":"","ast-main-header-display":"","ast-hfb-above-header-display":"","ast-hfb-below-header-display":"","ast-hfb-mobile-header-display":"","site-post-title":"disabled","ast-breadcrumbs-content":"disabled","ast-featured-img":"disabled","footer-sml-layout":"","ast-disable-related-posts":"","theme-transparent-header-meta":"enabled","adv-header-id-meta":"","stick-header-meta":"","header-above-stick-meta":"","header-main-stick-meta":"","header-below-stick-meta":"","astra-migrate-meta-layouts":"default","ast-page-background-enabled":"default","ast-page-background-meta":{"desktop":{"background-color":"","background-image":"","background-repeat":"repeat","background-position":"center center","background-size":"auto","background-attachment":"scroll","background-type":"","background-media":"","overlay-type":"","overlay-color":"","overlay-opacity":"","overlay-gradient":""},"tablet":{"background-color":"","background-image":"","background-repeat":"repeat","background-position":"center center","background-size":"auto","background-attachment":"scroll","background-type":"","background-media":"","overlay-type":"","overlay-color":"","overlay-opacity":"","overlay-gradient":""},"mobile":{"background-color":"","background-image":"","background-repeat":"repeat","background-position":"center center","background-size":"auto","background-attachment":"scroll","background-type":"","background-media":"","overlay-type":"","overlay-color":"","overlay-opacity":"","overlay-gradient":""}},"ast-content-background-meta":{"desktop":{"background-color":"var(--ast-global-color-5)","background-image":"","background-repeat":"repeat","background-position":"center center","background-size":"auto","background-attachment":"scroll","background-type":"","background-media":"","overlay-type":"","overlay-color":"","overlay-opacity":"","overlay-gradient":""},"tablet":{"background-color":"var(--ast-global-color-5)","background-image":"","background-repeat":"repeat","background-position":"center center","background-size":"auto","background-attachment":"scroll","background-type":"","background-media":"","overlay-type":"","overlay-color":"","overlay-opacity":"","overlay-gradient":""},"mobile":{"background-color":"var(--ast-global-color-5)","background-image":"","background-repeat":"repeat","background-position":"center center","background-size":"auto","background-attachment":"scroll","background-type":"","background-media":"","overlay-type":"","overlay-color":"","overlay-opacity":"","overlay-gradient":""}},"footnotes":""},"class_list":["post-832","page","type-page","status-publish","hentry"],"uagb_featured_image_src":{"full":false,"thumbnail":false,"medium":false,"medium_large":false,"large":false,"1536x1536":false,"2048x2048":false,"trp-custom-language-flag":false},"uagb_author_info":{"display_name":"admin","author_link":"https:\/\/gamboaydengo.com\/es\/author\/admin\/"},"uagb_comment_info":0,"uagb_excerpt":"Work Field We practice in following legal area Our Law Office has a specialized division dedicated to: Registration. Renewal and other procedure connected to trademarks, service mark and trade name, as well as designs and logos; also in patents, copyrights and any other matter in intellectual property. Trademark Infrigement. False Designation of Origen. Professional Law&hellip;","jetpack_sharing_enabled":true,"_links":{"self":[{"href":"https:\/\/gamboaydengo.com\/es\/wp-json\/wp\/v2\/pages\/832","targetHints":{"allow":["GET"]}}],"collection":[{"href":"https:\/\/gamboaydengo.com\/es\/wp-json\/wp\/v2\/pages"}],"about":[{"href":"https:\/\/gamboaydengo.com\/es\/wp-json\/wp\/v2\/types\/page"}],"author":[{"embeddable":true,"href":"https:\/\/gamboaydengo.com\/es\/wp-json\/wp\/v2\/users\/1"}],"replies":[{"embeddable":true,"href":"https:\/\/gamboaydengo.com\/es\/wp-json\/wp\/v2\/comments?post=832"}],"version-history":[{"count":5,"href":"https:\/\/gamboaydengo.com\/es\/wp-json\/wp\/v2\/pages\/832\/revisions"}],"predecessor-version":[{"id":1404,"href":"https:\/\/gamboaydengo.com\/es\/wp-json\/wp\/v2\/pages\/832\/revisions\/1404"}],"wp:attachment":[{"href":"https:\/\/gamboaydengo.com\/es\/wp-json\/wp\/v2\/media?parent=832"}],"curies":[{"name":"wp","href":"https:\/\/api.w.org\/{rel}","templated":true}]}}